{"id":7886,"date":"2018-09-21T13:56:39","date_gmt":"2018-09-21T11:56:39","guid":{"rendered":"https:\/\/midifileskopen.nl\/algemene-voorwaarden\/"},"modified":"2024-07-15T23:03:11","modified_gmt":"2024-07-15T21:03:11","slug":"bedingungen-und-konditionen","status":"publish","type":"page","link":"https:\/\/midifileskopen.nl\/de\/algemene-voorwaarden\/","title":{"rendered":"Allgemeine Bedingungen und Konditionen"},"content":{"rendered":"<div data-elementor-type=\"wp-page\" data-elementor-id=\"7886\" class=\"elementor elementor-7886\" data-elementor-post-type=\"page\">\n\t\t\t\t\t\t<section class=\"elementor-section elementor-top-section elementor-element elementor-element-5eab533 elementor-section-boxed elementor-section-height-default elementor-section-height-default\" data-id=\"5eab533\" data-element_type=\"section\" data-e-type=\"section\">\n\t\t\t\t\t\t<div class=\"elementor-container elementor-column-gap-default\">\n\t\t\t\t\t<div class=\"elementor-column elementor-col-100 elementor-top-column elementor-element elementor-element-4d332232\" data-id=\"4d332232\" data-element_type=\"column\" data-e-type=\"column\">\n\t\t\t<div class=\"elementor-widget-wrap elementor-element-populated\">\n\t\t\t\t\t\t<div class=\"elementor-element elementor-element-6d1d2b19 elementor-widget elementor-widget-text-editor\" data-id=\"6d1d2b19\" data-element_type=\"widget\" data-e-type=\"widget\" data-widget_type=\"text-editor.default\">\n\t\t\t\t<div class=\"elementor-widget-container\">\n\t\t\t\t\t\t\t\t\t<p><strong>Einf\u00fchrung <br \/><\/strong><\/p><p>Die Website www.midfileskopen.ln ist Eigentum von Orkestbandenkopen.nl, Mulderserf 5, 5841AZ Oploo, Niederlande.<br \/>Post: <a href=\"mailto:info@midifileskopen.nl\">info@midifileskopen.nl<\/a>.<\/p><p>Diese Bedingungen sind eine Vereinbarung zwischen Ihnen und Orkestbandenkopen.nl, die f\u00fcr www.midifileskopen.nl, einen Midi-Datei-Download-Service, gelten.<\/p><p><strong>Akzeptanz der Bedingungen<\/strong><\/p><p>Mit dem Zugriff auf diese Website und\/oder dem Kauf von Produkten \u00fcber diese Website erkl\u00e4ren Sie sich ausnahmslos mit den nachstehenden Bedingungen einverstanden. Wenn Sie mit diesen Bedingungen nicht einverstanden sind, k\u00f6nnen Sie keine Eink\u00e4ufe \u00fcber diese Website t\u00e4tigen. Bitte \u00fcberpr\u00fcfen Sie diese Vereinbarung regelm\u00e4\u00dfig, da wir diese Bedingungen im Detail \u00e4ndern k\u00f6nnen. Die fortgesetzte Nutzung dieser Website bedeutet, dass Sie mit allen \u00c4nderungen einverstanden sind.<\/p><p>Urheberrechte, Marken und andere Eigentumsrechte<br \/>Der gesamte Inhalt der Website unterliegt dem geltenden Urheberrecht, Markenrecht und anderen Gesetzen zum Schutz des geistigen Eigentums.<\/p><p>Die Rechte an den zum Herunterladen bereitgestellten Midifiles liegen bei Orkestbandenkopen.nl. Die Urheberrechte daran liegen bei den Urhebern, die Orkestbandenkopen.nl u.a. \u00fcber STEMRA regelt. Die Downloads sind daher legal. Eventuelle Folgekosten durch die Nutzung dieser Midifiles gehen nicht mehr zu Lasten von Orkestbandenkopen.nl.<\/p><p>Die Midifiles d\u00fcrfen nicht weiterverkauft und ohne schriftliche Nutzungsvereinbarung nicht in kommerziellen Produktionen verwendet werden.<\/p><p><strong>Konto<\/strong><\/p><p>Um auf der Website zu bestellen, ist es nicht zwingend erforderlich, ein Konto anzulegen. Sollten Sie sich aus verschiedenen Gr\u00fcnden daf\u00fcr entscheiden, werden diese Daten streng vertraulich behandelt und nur f\u00fcr interne Zwecke verwendet. Sie tragen jedoch die Verantwortung f\u00fcr die Folgen der Erstellung dieses Kontos. Wenn Sie Ihr Konto l\u00f6schen m\u00f6chten, wenden Sie sich bitte schriftlich an info@midifileskopen.nl.<\/p><p>Orkestbandenkopen.nl kann Ihr Konto ohne Vorank\u00fcndigung oder Zustimmung im Falle von Missbrauch sperren.<\/p><p><strong>Vereinbarung der Zahlung<\/strong><\/p><p>Sie erkl\u00e4ren sich damit einverstanden, alle \u00fcber unsere Dienste bestellten Produkte im Voraus zu bezahlen, indem Sie die auf der Website angebotenen Zahlungsdienste nutzen. Sie sind daf\u00fcr verantwortlich, g\u00fcltige Kreditkartendaten oder andere f\u00fcr diesen Zweck erforderliche Zahlungsinformationen anzugeben.<br \/>W\u00e4hrend des Bestellvorgangs zur Zahlungsbest\u00e4tigung k\u00f6nnen Sie die Bestellung noch \u00e4ndern oder stornieren.<br \/>Die Zahlung erfolgt online nach Validierung der Bestellung durch einen Kreditkartenaussteller, Paypal oder einen anderen Zahlungsdienst.<\/p><p>Es ist jedoch auch m\u00f6glich, per Bank\u00fcberweisung zu zahlen.\u00a0<\/p><p><strong>Digitale Lieferung (Download)<\/strong><\/p><p>Nach vollst\u00e4ndiger finanzieller Abwicklung erhalten Sie eine E-Mail mit dem\/den Link(s) zum Download des\/der bestellten Midifile(s). Wenn Sie ein Konto angelegt haben, werden diese auch Ihrem Konto \"gutgeschrieben\", so dass Sie den \u00dcberblick \u00fcber die von Ihnen bestellten Midifiles behalten und diese hier jederzeit wieder herunterladen k\u00f6nnen.<\/p><p><strong>Vereinbarung ersetzen<\/strong><\/p><p>Es wurden alle Anstrengungen unternommen, um sicherzustellen, dass alles in perfektem Zustand f\u00fcr die Verteilung ist. In diesem Fall, wenn der Download-Link nicht funktioniert, oder wenn die heruntergeladene Datei besch\u00e4digt ist, wird Orkestbandenkopen.nl, nach einer Anfrage per E-Mail, senden Sie die Datei per E-Mail. Nur f\u00fcr den gleichen Titel. Eine R\u00fcckerstattung ist nur m\u00f6glich, wenn nachgewiesen wird, dass die Datei nicht erhalten wurde oder auch nach dem Versand per E-Mail noch besch\u00e4digt ist.<\/p><p><strong>Nicht-Haftungserkl\u00e4rung<\/strong><\/p><p>Orkestbandenkopen.nl hat angemessene (Sicherheits-)Ma\u00dfnahmen ergriffen, um sicherzustellen, dass die Website so optimal und sicher wie m\u00f6glich funktioniert und dass die finanzielle Abwicklung und das Herunterladen so reibungslos wie m\u00f6glich funktioniert. Die Nutzung dieser Website erfolgt jedoch ausschlie\u00dflich auf eigenes Risiko. Orkestbandenkopen.nl haftet in keinem Fall f\u00fcr direkte Sch\u00e4den oder Folgesch\u00e4den, die sich aus der Nutzung dieser Website ergeben, oder f\u00fcr andere Sch\u00e4den, die sich aus der Nutzung oder Leistung der Midifiles ergeben. Dies gilt nat\u00fcrlich nicht, wenn festgestellt wird, dass der Schaden durch Vorsatz oder bewusste Fahrl\u00e4ssigkeit von Orkestbandenkopen.nl verursacht wurde.<\/p><p><strong>Dritte Parteien<\/strong><\/p><p>Orkestbandenkopen.nl hat nur die Kontrolle \u00fcber die Programmierung Teil der eigenen Website und verzichtet hiermit auf Beschwerden au\u00dferhalb der eigenen Website und die notwendigen Dienstleistungen von Dritten. Orkestbandenkopen.nl ist auch nicht verantwortlich f\u00fcr die Qualit\u00e4t und den Inhalt von Websites Dritter.<\/p><p><strong>\u00c4nderung der Website<\/strong><\/p><p>Wir behalten uns das Recht vor, Inhalte und\/oder Dienste dieser Website ohne Vorank\u00fcndigung zu \u00e4ndern oder einzustellen, ohne Ihnen oder Dritten gegen\u00fcber haftbar zu sein.<\/p><p><strong>Geltende Rechtsvorschriften<\/strong><br \/>Streitigkeiten, die sich im Zusammenhang mit diesen allgemeinen Gesch\u00e4ftsbedingungen ergeben, werden in den Niederlanden nach dem dort geltenden Recht behandelt.<\/p><p>Letzte Aktualisierung: 13\/03\/2024<\/p>\t\t\t\t\t\t\t\t<\/div>\n\t\t\t\t<\/div>\n\t\t\t\t\t<\/div>\n\t\t<\/div>\n\t\t\t\t\t<\/div>\n\t\t<\/section>\n\t\t\t\t<\/div>","protected":false},"excerpt":{"rendered":"<p>Introductie De website www.midfileskopen.ln is eigendom van Orkestbandenkopen.nl, Mulderserf 5, 5841AZ\u00a0 Oploo, Nederland.Mail: info@midifileskopen.nl. Deze algemene voorwaarden zijn een overeenkomst tussen u en Orkestbandenkopen.nl die gelden voor www.midifileskopen.nl, een downloaddienst voor midifiles. Aanvaarding van voorwaarden Door toegang op en\/of aankoop van producten via deze site gaat u zonder uitzondering akkoord met onderstaande voorwaarden. Als u [&hellip;]<\/p>\n","protected":false},"author":1,"featured_media":0,"parent":0,"menu_order":0,"comment_status":"open","ping_status":"open","template":"elementor_header_footer","meta":{"footnotes":""},"class_list":["post-7886","page","type-page","status-publish","hentry"],"yoast_head":"<!-- This site is optimized with the Yoast SEO plugin v27.3 - https:\/\/yoast.com\/product\/yoast-seo-wordpress\/ -->\n<title>Algemene voorwaarden - Midifileskopen.nl<\/title>\n<meta name=\"robots\" content=\"index, follow, max-snippet:-1, max-image-preview:large, max-video-preview:-1\" \/>\n<link rel=\"canonical\" href=\"https:\/\/midifileskopen.nl\/de\/bedingungen-und-konditionen\/\" \/>\n<meta property=\"og:locale\" content=\"de_DE\" \/>\n<meta property=\"og:type\" content=\"article\" \/>\n<meta property=\"og:title\" content=\"Algemene voorwaarden - Midifileskopen.nl\" \/>\n<meta property=\"og:description\" content=\"Introductie De website www.midfileskopen.ln is eigendom van Orkestbandenkopen.nl, Mulderserf 5, 5841AZ\u00a0 Oploo, Nederland.Mail: info@midifileskopen.nl. Deze algemene voorwaarden zijn een overeenkomst tussen u en Orkestbandenkopen.nl die gelden voor www.midifileskopen.nl, een downloaddienst voor midifiles. Aanvaarding van voorwaarden Door toegang op en\/of aankoop van producten via deze site gaat u zonder uitzondering akkoord met onderstaande voorwaarden. Als u [&hellip;]\" \/>\n<meta property=\"og:url\" content=\"https:\/\/midifileskopen.nl\/de\/bedingungen-und-konditionen\/\" \/>\n<meta property=\"og:site_name\" content=\"Midifileskopen.nl\" \/>\n<meta property=\"article:modified_time\" content=\"2024-07-15T21:03:11+00:00\" \/>\n<meta name=\"twitter:card\" content=\"summary_large_image\" \/>\n<meta name=\"twitter:label1\" content=\"Gesch\u00e4tzte Lesezeit\" \/>\n\t<meta name=\"twitter:data1\" content=\"4\u00a0Minuten\" \/>\n<script type=\"application\/ld+json\" class=\"yoast-schema-graph\">{\"@context\":\"https:\\\/\\\/schema.org\",\"@graph\":[{\"@type\":\"WebPage\",\"@id\":\"https:\\\/\\\/midifileskopen.nl\\\/algemene-voorwaarden\\\/\",\"url\":\"https:\\\/\\\/midifileskopen.nl\\\/algemene-voorwaarden\\\/\",\"name\":\"Algemene voorwaarden - Midifileskopen.nl\",\"isPartOf\":{\"@id\":\"https:\\\/\\\/midifileskopen.nl\\\/#website\"},\"datePublished\":\"2018-09-21T11:56:39+00:00\",\"dateModified\":\"2024-07-15T21:03:11+00:00\",\"breadcrumb\":{\"@id\":\"https:\\\/\\\/midifileskopen.nl\\\/algemene-voorwaarden\\\/#breadcrumb\"},\"inLanguage\":\"de\",\"potentialAction\":[{\"@type\":\"ReadAction\",\"target\":[\"https:\\\/\\\/midifileskopen.nl\\\/algemene-voorwaarden\\\/\"]}]},{\"@type\":\"BreadcrumbList\",\"@id\":\"https:\\\/\\\/midifileskopen.nl\\\/algemene-voorwaarden\\\/#breadcrumb\",\"itemListElement\":[{\"@type\":\"ListItem\",\"position\":1,\"name\":\"Home\",\"item\":\"https:\\\/\\\/midifileskopen.nl\\\/\"},{\"@type\":\"ListItem\",\"position\":2,\"name\":\"Algemene voorwaarden\"}]},{\"@type\":\"WebSite\",\"@id\":\"https:\\\/\\\/midifileskopen.nl\\\/#website\",\"url\":\"https:\\\/\\\/midifileskopen.nl\\\/\",\"name\":\"Midifileskopen.nl\",\"description\":\"Midifileskopen.nl \\\/ Midifilesmarket.com \\\/ Midifilesmarket.de\",\"publisher\":{\"@id\":\"https:\\\/\\\/midifileskopen.nl\\\/#organization\"},\"potentialAction\":[{\"@type\":\"SearchAction\",\"target\":{\"@type\":\"EntryPoint\",\"urlTemplate\":\"https:\\\/\\\/midifileskopen.nl\\\/?s={search_term_string}\"},\"query-input\":{\"@type\":\"PropertyValueSpecification\",\"valueRequired\":true,\"valueName\":\"search_term_string\"}}],\"inLanguage\":\"de\"},{\"@type\":\"Organization\",\"@id\":\"https:\\\/\\\/midifileskopen.nl\\\/#organization\",\"name\":\"Midifileskopen.nl\",\"url\":\"https:\\\/\\\/midifileskopen.nl\\\/\",\"logo\":{\"@type\":\"ImageObject\",\"inLanguage\":\"de\",\"@id\":\"https:\\\/\\\/midifileskopen.nl\\\/#\\\/schema\\\/logo\\\/image\\\/\",\"url\":\"https:\\\/\\\/midifileskopen.nl\\\/wp-content\\\/uploads\\\/2024\\\/07\\\/midifilekopen.png\",\"contentUrl\":\"https:\\\/\\\/midifileskopen.nl\\\/wp-content\\\/uploads\\\/2024\\\/07\\\/midifilekopen.png\",\"width\":581,\"height\":81,\"caption\":\"Midifileskopen.nl\"},\"image\":{\"@id\":\"https:\\\/\\\/midifileskopen.nl\\\/#\\\/schema\\\/logo\\\/image\\\/\"}}]}<\/script>\n<!-- \/ Yoast SEO plugin. -->","yoast_head_json":{"title":"Allgemeine Gesch\u00e4ftsbedingungen - Midifileskopen.co.uk","robots":{"index":"index","follow":"follow","max-snippet":"max-snippet:-1","max-image-preview":"max-image-preview:large","max-video-preview":"max-video-preview:-1"},"canonical":"https:\/\/midifileskopen.nl\/de\/bedingungen-und-konditionen\/","og_locale":"de_DE","og_type":"article","og_title":"Algemene voorwaarden - Midifileskopen.nl","og_description":"Introductie De website www.midfileskopen.ln is eigendom van Orkestbandenkopen.nl, Mulderserf 5, 5841AZ\u00a0 Oploo, Nederland.Mail: info@midifileskopen.nl. Deze algemene voorwaarden zijn een overeenkomst tussen u en Orkestbandenkopen.nl die gelden voor www.midifileskopen.nl, een downloaddienst voor midifiles. Aanvaarding van voorwaarden Door toegang op en\/of aankoop van producten via deze site gaat u zonder uitzondering akkoord met onderstaande voorwaarden. Als u [&hellip;]","og_url":"https:\/\/midifileskopen.nl\/de\/bedingungen-und-konditionen\/","og_site_name":"Midifileskopen.nl","article_modified_time":"2024-07-15T21:03:11+00:00","twitter_card":"summary_large_image","twitter_misc":{"Gesch\u00e4tzte Lesezeit":"4\u00a0Minuten"},"schema":{"@context":"https:\/\/schema.org","@graph":[{"@type":"WebPage","@id":"https:\/\/midifileskopen.nl\/algemene-voorwaarden\/","url":"https:\/\/midifileskopen.nl\/algemene-voorwaarden\/","name":"Allgemeine Gesch\u00e4ftsbedingungen - Midifileskopen.co.uk","isPartOf":{"@id":"https:\/\/midifileskopen.nl\/#website"},"datePublished":"2018-09-21T11:56:39+00:00","dateModified":"2024-07-15T21:03:11+00:00","breadcrumb":{"@id":"https:\/\/midifileskopen.nl\/algemene-voorwaarden\/#breadcrumb"},"inLanguage":"de","potentialAction":[{"@type":"ReadAction","target":["https:\/\/midifileskopen.nl\/algemene-voorwaarden\/"]}]},{"@type":"BreadcrumbList","@id":"https:\/\/midifileskopen.nl\/algemene-voorwaarden\/#breadcrumb","itemListElement":[{"@type":"ListItem","position":1,"name":"Home","item":"https:\/\/midifileskopen.nl\/"},{"@type":"ListItem","position":2,"name":"Algemene voorwaarden"}]},{"@type":"WebSite","@id":"https:\/\/midifileskopen.nl\/#website","url":"https:\/\/midifileskopen.nl\/","name":"Midifileskopen.de","description":"Midifileskopen.co.uk \/ Midifilesmarket.com \/ Midifilesmarket.de","publisher":{"@id":"https:\/\/midifileskopen.nl\/#organization"},"potentialAction":[{"@type":"SearchAction","target":{"@type":"EntryPoint","urlTemplate":"https:\/\/midifileskopen.nl\/?s={search_term_string}"},"query-input":{"@type":"PropertyValueSpecification","valueRequired":true,"valueName":"search_term_string"}}],"inLanguage":"de"},{"@type":"Organization","@id":"https:\/\/midifileskopen.nl\/#organization","name":"Midifileskopen.de","url":"https:\/\/midifileskopen.nl\/","logo":{"@type":"ImageObject","inLanguage":"de","@id":"https:\/\/midifileskopen.nl\/#\/schema\/logo\/image\/","url":"https:\/\/midifileskopen.nl\/wp-content\/uploads\/2024\/07\/midifilekopen.png","contentUrl":"https:\/\/midifileskopen.nl\/wp-content\/uploads\/2024\/07\/midifilekopen.png","width":581,"height":81,"caption":"Midifileskopen.nl"},"image":{"@id":"https:\/\/midifileskopen.nl\/#\/schema\/logo\/image\/"}}]}},"_links":{"self":[{"href":"https:\/\/midifileskopen.nl\/de\/wp-json\/wp\/v2\/pages\/7886","targetHints":{"allow":["GET"]}}],"collection":[{"href":"https:\/\/midifileskopen.nl\/de\/wp-json\/wp\/v2\/pages"}],"about":[{"href":"https:\/\/midifileskopen.nl\/de\/wp-json\/wp\/v2\/types\/page"}],"author":[{"embeddable":true,"href":"https:\/\/midifileskopen.nl\/de\/wp-json\/wp\/v2\/users\/1"}],"replies":[{"embeddable":true,"href":"https:\/\/midifileskopen.nl\/de\/wp-json\/wp\/v2\/comments?post=7886"}],"version-history":[{"count":4,"href":"https:\/\/midifileskopen.nl\/de\/wp-json\/wp\/v2\/pages\/7886\/revisions"}],"predecessor-version":[{"id":20980,"href":"https:\/\/midifileskopen.nl\/de\/wp-json\/wp\/v2\/pages\/7886\/revisions\/20980"}],"wp:attachment":[{"href":"https:\/\/midifileskopen.nl\/de\/wp-json\/wp\/v2\/media?parent=7886"}],"curies":[{"name":"wp","href":"https:\/\/api.w.org\/{rel}","templated":true}]}}