{"id":7887,"date":"2018-09-21T14:07:27","date_gmt":"2018-09-21T12:07:27","guid":{"rendered":"https:\/\/midifileskopen.nl\/op-bestelling-laten-maken\/"},"modified":"2025-03-29T12:02:35","modified_gmt":"2025-03-29T11:02:35","slug":"auf-bestellung-gefertigt-2","status":"publish","type":"page","link":"https:\/\/midifileskopen.nl\/de\/op-bestelling-laten-maken\/","title":{"rendered":"Auf Bestellung gefertigt"},"content":{"rendered":"<div data-elementor-type=\"wp-page\" data-elementor-id=\"7887\" class=\"elementor elementor-7887\" data-elementor-post-type=\"page\">\n\t\t\t\t\t\t<section class=\"elementor-section elementor-top-section elementor-element elementor-element-4dad69bd elementor-section-boxed elementor-section-height-default elementor-section-height-default\" data-id=\"4dad69bd\" data-element_type=\"section\" data-e-type=\"section\">\n\t\t\t\t\t\t<div class=\"elementor-container elementor-column-gap-default\">\n\t\t\t\t\t<div class=\"elementor-column elementor-col-100 elementor-top-column elementor-element elementor-element-689e588c\" data-id=\"689e588c\" data-element_type=\"column\" data-e-type=\"column\">\n\t\t\t<div class=\"elementor-widget-wrap elementor-element-populated\">\n\t\t\t\t\t\t<div class=\"elementor-element elementor-element-2976403 elementor-widget elementor-widget-heading\" data-id=\"2976403\" data-element_type=\"widget\" data-e-type=\"widget\" data-widget_type=\"heading.default\">\n\t\t\t\t<div class=\"elementor-widget-container\">\n\t\t\t\t\t<h2 class=\"elementor-heading-title elementor-size-default\">Auf Bestellung gefertigt<\/h2>\t\t\t\t<\/div>\n\t\t\t\t<\/div>\n\t\t\t\t<div class=\"elementor-element elementor-element-6a0583f3 elementor-widget elementor-widget-text-editor\" data-id=\"6a0583f3\" data-element_type=\"widget\" data-e-type=\"widget\" data-widget_type=\"text-editor.default\">\n\t\t\t\t<div class=\"elementor-widget-container\">\n\t\t\t\t\t\t\t\t\t<p style=\"margin-bottom: 18.0pt;\"><span style=\"font-size: 10.5pt; font-family: 'Open Sans',sans-serif; color: #232323;\">WAARSCHUWING<\/span><\/p><p style=\"margin-bottom: 18.0pt;\"><span style=\"font-size: 10.5pt; font-family: 'Open Sans',sans-serif; color: #232323;\">Ik maak in basis muziekbanden als een veredelde hobby naast mijn \u2018normale\u2019 werk als adviseur brandveiligheid. Dit veelal op verzoek. Als <span style=\"text-decoration: underline;\">extra&#8217;s<\/span> bied ik ook de hiervoor gemaakte midi aan. <\/span><span style=\"font-size: 10.5pt; font-family: 'Open Sans',sans-serif; color: #232323;\">Zoals op de site op diverse plaatsen te lezen 1 op 1 ge\u00ebxporteerd, dus feitelijk alleen de noten. Die gemaakte midi&#8217;s belanden dan ook weer op de site. Zo kan ik de kosten voor het op verzoek maken relatief laag houden. Ik maak dus <b style=\"box-sizing: inherit;\">keine<\/b> midi exklusiv. <\/span><\/p><p style=\"margin-bottom: 18.0pt;\"><span style=\"font-size: 10.5pt; font-family: 'Open Sans',sans-serif; color: #232323;\">Zo ook voor de midi-files op bestelling. Feitelijk bestaat de te ontvangen midi-file alleen uit de ingespeelde noten waar men zelf in een DAW o.a. volume, balans en klank er nog aan toegevoegd dient te worden. Dus niet direct als midi-file af te spelen zoals bij vrijwel alle andere aanbieders. De te beluisteren demo is dan ook geproduceerd met de ontvangen midi en de bij ons beschikbare klanken\/samples, effecten, enz. Dus wat je hoort is niet wat je krijgt maar wat je er van zou kunnen maken.<\/span><\/p><p style=\"margin-bottom: 18.0pt; box-sizing: inherit;\"><span style=\"font-size: 10.5pt; font-family: 'Open Sans',sans-serif; color: #232323;\">Die Kosten, die ich f\u00fcr die Anfertigung auf Anfrage berechne, h\u00e4ngen von der Zeit ab, die ich daf\u00fcr ben\u00f6tige, sofern ich dazu in der Lage bin. Nicht, dass ich diese Zeit immer ben\u00f6tige, aber ich kann sie bei Bedarf anpassen. Und wenn es fr\u00fcher wird, bleibt der vereinbarte Preis nat\u00fcrlich bestehen. Preise f\u00fcr ein Medley und Songs l\u00e4nger als 4 Minuten auf Anfrage.<\/span><\/p><p style=\"margin-bottom: 18.0pt; box-sizing: inherit;\"><span style=\"font-size: 10.5pt; font-family: 'Open Sans',sans-serif; color: #232323;\">De prijzen zijn voor maximaal half jaar 20 euro, maximaal twee maanden 30 euro, maximaal 4 weken 35 euro, maximaal 3 weken 40 euro, maximaal 2 weken 50 euro en maximaal 1 week 65 euro.\u00a0<\/span><\/p><p style=\"margin-bottom: 18.0pt; box-sizing: inherit;\"><b style=\"box-sizing: inherit;\"><span style=\"font-size: 10.5pt; font-family: 'Open Sans',sans-serif; color: #232323;\">Leider kann es vorkommen, dass das angeforderte Midi aufgrund von Auslastungszeiten nicht mehr innerhalb der gew\u00fcnschten Zeit angefertigt werden kann. In diesem Fall werde ich Ihnen so schnell wie m\u00f6glich Bescheid geben.<\/span><\/b><\/p>\t\t\t\t\t\t\t\t<\/div>\n\t\t\t\t<\/div>\n\t\t\t\t\t<\/div>\n\t\t<\/div>\n\t\t\t\t\t<\/div>\n\t\t<\/section>\n\t\t\t\t<\/div>","protected":false},"excerpt":{"rendered":"<p>Op bestelling laten maken WAARSCHUWING Ik maak in basis muziekbanden als een veredelde hobby naast mijn \u2018normale\u2019 werk als adviseur brandveiligheid. Dit veelal op verzoek. Als extra&#8217;s bied ik ook de hiervoor gemaakte midi aan. Zoals op de site op diverse plaatsen te lezen 1 op 1 ge\u00ebxporteerd, dus feitelijk alleen de noten. Die gemaakte [&hellip;]<\/p>\n","protected":false},"author":1,"featured_media":0,"parent":0,"menu_order":0,"comment_status":"closed","ping_status":"closed","template":"elementor_header_footer","meta":{"footnotes":""},"class_list":["post-7887","page","type-page","status-publish","hentry"],"yoast_head":"<!-- This site is optimized with the Yoast SEO plugin v27.4 - https:\/\/yoast.com\/product\/yoast-seo-wordpress\/ -->\n<title>Op bestelling laten maken - Midifileskopen.nl<\/title>\n<meta name=\"robots\" content=\"index, follow, max-snippet:-1, max-image-preview:large, max-video-preview:-1\" \/>\n<link rel=\"canonical\" href=\"https:\/\/midifileskopen.nl\/de\/auf-bestellung-gefertigt-2\/\" \/>\n<meta property=\"og:locale\" content=\"de_DE\" \/>\n<meta property=\"og:type\" content=\"article\" \/>\n<meta property=\"og:title\" content=\"Op bestelling laten maken - Midifileskopen.nl\" \/>\n<meta property=\"og:description\" content=\"Op bestelling laten maken WAARSCHUWING Ik maak in basis muziekbanden als een veredelde hobby naast mijn \u2018normale\u2019 werk als adviseur brandveiligheid. Dit veelal op verzoek. Als extra&#8217;s bied ik ook de hiervoor gemaakte midi aan. Zoals op de site op diverse plaatsen te lezen 1 op 1 ge\u00ebxporteerd, dus feitelijk alleen de noten. Die gemaakte [&hellip;]\" \/>\n<meta property=\"og:url\" content=\"https:\/\/midifileskopen.nl\/de\/auf-bestellung-gefertigt-2\/\" \/>\n<meta property=\"og:site_name\" content=\"Midifileskopen.nl\" \/>\n<meta property=\"article:modified_time\" content=\"2025-03-29T11:02:35+00:00\" \/>\n<meta name=\"twitter:card\" content=\"summary_large_image\" \/>\n<meta name=\"twitter:label1\" content=\"Gesch\u00e4tzte Lesezeit\" \/>\n\t<meta name=\"twitter:data1\" content=\"2\u00a0Minuten\" \/>\n<script type=\"application\/ld+json\" class=\"yoast-schema-graph\">{\"@context\":\"https:\\\/\\\/schema.org\",\"@graph\":[{\"@type\":\"WebPage\",\"@id\":\"https:\\\/\\\/midifileskopen.nl\\\/op-bestelling-laten-maken\\\/\",\"url\":\"https:\\\/\\\/midifileskopen.nl\\\/op-bestelling-laten-maken\\\/\",\"name\":\"Op bestelling laten maken - Midifileskopen.nl\",\"isPartOf\":{\"@id\":\"https:\\\/\\\/midifileskopen.nl\\\/#website\"},\"datePublished\":\"2018-09-21T12:07:27+00:00\",\"dateModified\":\"2025-03-29T11:02:35+00:00\",\"breadcrumb\":{\"@id\":\"https:\\\/\\\/midifileskopen.nl\\\/op-bestelling-laten-maken\\\/#breadcrumb\"},\"inLanguage\":\"de\",\"potentialAction\":[{\"@type\":\"ReadAction\",\"target\":[\"https:\\\/\\\/midifileskopen.nl\\\/op-bestelling-laten-maken\\\/\"]}]},{\"@type\":\"BreadcrumbList\",\"@id\":\"https:\\\/\\\/midifileskopen.nl\\\/op-bestelling-laten-maken\\\/#breadcrumb\",\"itemListElement\":[{\"@type\":\"ListItem\",\"position\":1,\"name\":\"Home\",\"item\":\"https:\\\/\\\/midifileskopen.nl\\\/\"},{\"@type\":\"ListItem\",\"position\":2,\"name\":\"Op bestelling laten maken\"}]},{\"@type\":\"WebSite\",\"@id\":\"https:\\\/\\\/midifileskopen.nl\\\/#website\",\"url\":\"https:\\\/\\\/midifileskopen.nl\\\/\",\"name\":\"Midifileskopen.nl\",\"description\":\"Midifileskopen.nl \\\/ Midifilesmarket.com \\\/ Midifilesmarket.de\",\"publisher\":{\"@id\":\"https:\\\/\\\/midifileskopen.nl\\\/#organization\"},\"potentialAction\":[{\"@type\":\"SearchAction\",\"target\":{\"@type\":\"EntryPoint\",\"urlTemplate\":\"https:\\\/\\\/midifileskopen.nl\\\/?s={search_term_string}\"},\"query-input\":{\"@type\":\"PropertyValueSpecification\",\"valueRequired\":true,\"valueName\":\"search_term_string\"}}],\"inLanguage\":\"de\"},{\"@type\":\"Organization\",\"@id\":\"https:\\\/\\\/midifileskopen.nl\\\/#organization\",\"name\":\"Midifileskopen.nl\",\"url\":\"https:\\\/\\\/midifileskopen.nl\\\/\",\"logo\":{\"@type\":\"ImageObject\",\"inLanguage\":\"de\",\"@id\":\"https:\\\/\\\/midifileskopen.nl\\\/#\\\/schema\\\/logo\\\/image\\\/\",\"url\":\"https:\\\/\\\/midifileskopen.nl\\\/wp-content\\\/uploads\\\/2024\\\/07\\\/midifilekopen.png\",\"contentUrl\":\"https:\\\/\\\/midifileskopen.nl\\\/wp-content\\\/uploads\\\/2024\\\/07\\\/midifilekopen.png\",\"width\":581,\"height\":81,\"caption\":\"Midifileskopen.nl\"},\"image\":{\"@id\":\"https:\\\/\\\/midifileskopen.nl\\\/#\\\/schema\\\/logo\\\/image\\\/\"}}]}<\/script>\n<!-- \/ Yoast SEO plugin. -->","yoast_head_json":{"title":"Op bestelling laten maken - Midifileskopen.nl","robots":{"index":"index","follow":"follow","max-snippet":"max-snippet:-1","max-image-preview":"max-image-preview:large","max-video-preview":"max-video-preview:-1"},"canonical":"https:\/\/midifileskopen.nl\/de\/auf-bestellung-gefertigt-2\/","og_locale":"de_DE","og_type":"article","og_title":"Op bestelling laten maken - Midifileskopen.nl","og_description":"Op bestelling laten maken WAARSCHUWING Ik maak in basis muziekbanden als een veredelde hobby naast mijn \u2018normale\u2019 werk als adviseur brandveiligheid. Dit veelal op verzoek. Als extra&#8217;s bied ik ook de hiervoor gemaakte midi aan. Zoals op de site op diverse plaatsen te lezen 1 op 1 ge\u00ebxporteerd, dus feitelijk alleen de noten. Die gemaakte [&hellip;]","og_url":"https:\/\/midifileskopen.nl\/de\/auf-bestellung-gefertigt-2\/","og_site_name":"Midifileskopen.nl","article_modified_time":"2025-03-29T11:02:35+00:00","twitter_card":"summary_large_image","twitter_misc":{"Gesch\u00e4tzte Lesezeit":"2\u00a0Minuten"},"schema":{"@context":"https:\/\/schema.org","@graph":[{"@type":"WebPage","@id":"https:\/\/midifileskopen.nl\/op-bestelling-laten-maken\/","url":"https:\/\/midifileskopen.nl\/op-bestelling-laten-maken\/","name":"Op bestelling laten maken - Midifileskopen.nl","isPartOf":{"@id":"https:\/\/midifileskopen.nl\/#website"},"datePublished":"2018-09-21T12:07:27+00:00","dateModified":"2025-03-29T11:02:35+00:00","breadcrumb":{"@id":"https:\/\/midifileskopen.nl\/op-bestelling-laten-maken\/#breadcrumb"},"inLanguage":"de","potentialAction":[{"@type":"ReadAction","target":["https:\/\/midifileskopen.nl\/op-bestelling-laten-maken\/"]}]},{"@type":"BreadcrumbList","@id":"https:\/\/midifileskopen.nl\/op-bestelling-laten-maken\/#breadcrumb","itemListElement":[{"@type":"ListItem","position":1,"name":"Home","item":"https:\/\/midifileskopen.nl\/"},{"@type":"ListItem","position":2,"name":"Op bestelling laten maken"}]},{"@type":"WebSite","@id":"https:\/\/midifileskopen.nl\/#website","url":"https:\/\/midifileskopen.nl\/","name":"Midifileskopen.de","description":"Midifileskopen.co.uk \/ Midifilesmarket.com \/ Midifilesmarket.de","publisher":{"@id":"https:\/\/midifileskopen.nl\/#organization"},"potentialAction":[{"@type":"SearchAction","target":{"@type":"EntryPoint","urlTemplate":"https:\/\/midifileskopen.nl\/?s={search_term_string}"},"query-input":{"@type":"PropertyValueSpecification","valueRequired":true,"valueName":"search_term_string"}}],"inLanguage":"de"},{"@type":"Organization","@id":"https:\/\/midifileskopen.nl\/#organization","name":"Midifileskopen.de","url":"https:\/\/midifileskopen.nl\/","logo":{"@type":"ImageObject","inLanguage":"de","@id":"https:\/\/midifileskopen.nl\/#\/schema\/logo\/image\/","url":"https:\/\/midifileskopen.nl\/wp-content\/uploads\/2024\/07\/midifilekopen.png","contentUrl":"https:\/\/midifileskopen.nl\/wp-content\/uploads\/2024\/07\/midifilekopen.png","width":581,"height":81,"caption":"Midifileskopen.nl"},"image":{"@id":"https:\/\/midifileskopen.nl\/#\/schema\/logo\/image\/"}}]}},"_links":{"self":[{"href":"https:\/\/midifileskopen.nl\/de\/wp-json\/wp\/v2\/pages\/7887","targetHints":{"allow":["GET"]}}],"collection":[{"href":"https:\/\/midifileskopen.nl\/de\/wp-json\/wp\/v2\/pages"}],"about":[{"href":"https:\/\/midifileskopen.nl\/de\/wp-json\/wp\/v2\/types\/page"}],"author":[{"embeddable":true,"href":"https:\/\/midifileskopen.nl\/de\/wp-json\/wp\/v2\/users\/1"}],"replies":[{"embeddable":true,"href":"https:\/\/midifileskopen.nl\/de\/wp-json\/wp\/v2\/comments?post=7887"}],"version-history":[{"count":20,"href":"https:\/\/midifileskopen.nl\/de\/wp-json\/wp\/v2\/pages\/7887\/revisions"}],"predecessor-version":[{"id":21938,"href":"https:\/\/midifileskopen.nl\/de\/wp-json\/wp\/v2\/pages\/7887\/revisions\/21938"}],"wp:attachment":[{"href":"https:\/\/midifileskopen.nl\/de\/wp-json\/wp\/v2\/media?parent=7887"}],"curies":[{"name":"wp","href":"https:\/\/api.w.org\/{rel}","templated":true}]}}