{"id":22106,"date":"2025-10-10T15:35:54","date_gmt":"2025-10-10T13:35:54","guid":{"rendered":"https:\/\/midifileskopen.nl\/midi-bestanden\/veul-gere-vrij-daanse-we-doen-de-hoempapa-337\/"},"modified":"2026-03-31T13:19:34","modified_gmt":"2026-03-31T11:19:34","slug":"veul-gere-vrij-daanse-we-doen-de-hoempapa-337","status":"publish","type":"product","link":"https:\/\/midifileskopen.nl\/de\/midi-bestanden\/veul-gere-vrij-daanse-we-doen-de-hoempapa-337\/","title":{"rendered":"Veul G\u00e8re &#8211; Vrij d\u00e1\u00e1nse! (we doen de hoempapa) (3:37)"},"content":{"rendered":"<p><b>De aangeboden midi-files zijn niet in een standaard format opgezet zoals bij andere aanbieders. Hierdoor zijn deze niet direct als midi-file in een workstation af te spelen. Feitelijk bestaat de midi-file alleen uit de ingespeelde noten, wel elk instrument als afzonderlijke en benoemde track, waar men zelf in een DAW o.a. volume, balans en klank er nog aan toegevoegd dient te worden. Omdat er geen klank aan is toegekend klinken alle tracks daarom als een piano. De te beluisteren demo is dan ook geproduceerd met de ontvangen midi en de bij ons beschikbare klanken\/samples, effecten, enz. Dus wat je hoort is niet wat je krijgt maar wat je er van zou kunnen maken.<\/b><\/p>\n<p><iframe title=\"Veul G\u00e8re - Vrij D\u00e1\u00e1nse! (we doen de hoempapa) - Carnaval 2024\" width=\"800\" height=\"450\" src=\"https:\/\/www.youtube.com\/embed\/9Hy8IHgb-Ag?feature=oembed\" frameborder=\"0\" allow=\"accelerometer; autoplay; clipboard-write; encrypted-media; gyroscope; picture-in-picture; web-share\" referrerpolicy=\"strict-origin-when-cross-origin\" allowfullscreen><\/iframe><\/p>","protected":false},"excerpt":{"rendered":"<p><audio class=\"wp-audio-shortcode\" id=\"audio-22106-1\" preload=\"none\" style=\"width: 100%;\" controls=\"controls\"><source type=\"audio\/mpeg\" src=\"https:\/\/s3-eu-west-1.amazonaws.com\/publieke-bestanden\/mp3_samples\/veul-gere-vrij-daanse.mp3?_=1\" \/><a href=\"https:\/\/s3-eu-west-1.amazonaws.com\/publieke-bestanden\/mp3_samples\/veul-gere-vrij-daanse.mp3\">https:\/\/s3-eu-west-1.amazonaws.com\/publieke-bestanden\/mp3_samples\/veul-gere-vrij-daanse.mp3<\/a><\/audio><\/p>","protected":false},"featured_media":26,"template":"","meta":[],"product_brand":[],"product_cat":[16],"product_tag":[],"class_list":{"0":"post-22106","1":"product","2":"type-product","3":"status-publish","4":"has-post-thumbnail","6":"product_cat-geen-categorie","7":"pa_artiest-veul-gere","8":"pa_genre-carnaval","9":"pa_jaar-van-release-686","10":"pa_nationaliteit-artiest-nederland","11":"pa_periode-release-2020-2029","12":"pa_taal-nederlands","14":"first","15":"instock","16":"downloadable","17":"virtual","18":"sold-individually","19":"taxable","20":"purchasable","21":"product-type-simple"},"yoast_head":"<!-- This site is optimized with the Yoast SEO plugin v27.3 - https:\/\/yoast.com\/product\/yoast-seo-wordpress\/ -->\n<title>Midi\u2212bestand Veul G\u00e8re - Vrij d\u00e1\u00e1nse! (we doen de hoempapa) (3:37)<\/title>\n<meta name=\"description\" content=\"Midi\u2212bestand downloaden van Veul G\u00e8re - Vrij d\u00e1\u00e1nse! (we doen de hoempapa) (3:37). LET OP, niet in standaard format! Zie site voor meer info.\" \/>\n<meta name=\"robots\" content=\"index, follow, max-snippet:-1, max-image-preview:large, max-video-preview:-1\" \/>\n<link rel=\"canonical\" href=\"https:\/\/midifileskopen.nl\/de\/midi-dateien\/veul-gere-vrij-daanse-we-doen-de-hoempapa-337\/\" \/>\n<meta property=\"og:locale\" content=\"de_DE\" \/>\n<meta property=\"og:type\" content=\"article\" \/>\n<meta property=\"og:title\" content=\"Midi\u2212bestand Veul G\u00e8re - Vrij d\u00e1\u00e1nse! (we doen de hoempapa) (3:37)\" \/>\n<meta property=\"og:description\" content=\"Midi\u2212bestand downloaden van Veul G\u00e8re - Vrij d\u00e1\u00e1nse! (we doen de hoempapa) (3:37). LET OP, niet in standaard format! Zie site voor meer info.\" \/>\n<meta property=\"og:url\" content=\"https:\/\/midifileskopen.nl\/de\/midi-dateien\/veul-gere-vrij-daanse-we-doen-de-hoempapa-337\/\" \/>\n<meta property=\"og:site_name\" content=\"Midifileskopen.nl\" \/>\n<meta property=\"article:modified_time\" content=\"2026-03-31T11:19:34+00:00\" \/>\n<meta property=\"og:image\" content=\"https:\/\/midifileskopen.nl\/wp-content\/uploads\/2024\/07\/carnaval.png\" \/>\n\t<meta property=\"og:image:width\" content=\"300\" \/>\n\t<meta property=\"og:image:height\" content=\"300\" \/>\n\t<meta property=\"og:image:type\" content=\"image\/png\" \/>\n<meta name=\"twitter:card\" content=\"summary_large_image\" \/>\n<meta name=\"twitter:label1\" content=\"Gesch\u00e4tzte Lesezeit\" \/>\n\t<meta name=\"twitter:data1\" content=\"1\u00a0Minute\" \/>\n<script type=\"application\/ld+json\" class=\"yoast-schema-graph\">{\"@context\":\"https:\\\/\\\/schema.org\",\"@graph\":[{\"@type\":\"WebPage\",\"@id\":\"https:\\\/\\\/midifileskopen.nl\\\/midi-bestanden\\\/veul-gere-vrij-daanse-we-doen-de-hoempapa-337\\\/\",\"url\":\"https:\\\/\\\/midifileskopen.nl\\\/midi-bestanden\\\/veul-gere-vrij-daanse-we-doen-de-hoempapa-337\\\/\",\"name\":\"Midi\u2212bestand Veul G\u00e8re - Vrij d\u00e1\u00e1nse! (we doen de hoempapa) (3:37)\",\"isPartOf\":{\"@id\":\"https:\\\/\\\/midifileskopen.nl\\\/#website\"},\"primaryImageOfPage\":{\"@id\":\"https:\\\/\\\/midifileskopen.nl\\\/midi-bestanden\\\/veul-gere-vrij-daanse-we-doen-de-hoempapa-337\\\/#primaryimage\"},\"image\":{\"@id\":\"https:\\\/\\\/midifileskopen.nl\\\/midi-bestanden\\\/veul-gere-vrij-daanse-we-doen-de-hoempapa-337\\\/#primaryimage\"},\"thumbnailUrl\":\"https:\\\/\\\/midifileskopen.nl\\\/wp-content\\\/uploads\\\/2024\\\/07\\\/carnaval.png\",\"datePublished\":\"2025-10-10T13:35:54+00:00\",\"dateModified\":\"2026-03-31T11:19:34+00:00\",\"description\":\"Midi\u2212bestand downloaden van Veul G\u00e8re - Vrij d\u00e1\u00e1nse! (we doen de hoempapa) (3:37). LET OP, niet in standaard format! Zie site voor meer info.\",\"breadcrumb\":{\"@id\":\"https:\\\/\\\/midifileskopen.nl\\\/midi-bestanden\\\/veul-gere-vrij-daanse-we-doen-de-hoempapa-337\\\/#breadcrumb\"},\"inLanguage\":\"de\",\"potentialAction\":[{\"@type\":\"ReadAction\",\"target\":[\"https:\\\/\\\/midifileskopen.nl\\\/midi-bestanden\\\/veul-gere-vrij-daanse-we-doen-de-hoempapa-337\\\/\"]}]},{\"@type\":\"ImageObject\",\"inLanguage\":\"de\",\"@id\":\"https:\\\/\\\/midifileskopen.nl\\\/midi-bestanden\\\/veul-gere-vrij-daanse-we-doen-de-hoempapa-337\\\/#primaryimage\",\"url\":\"https:\\\/\\\/midifileskopen.nl\\\/wp-content\\\/uploads\\\/2024\\\/07\\\/carnaval.png\",\"contentUrl\":\"https:\\\/\\\/midifileskopen.nl\\\/wp-content\\\/uploads\\\/2024\\\/07\\\/carnaval.png\",\"width\":300,\"height\":300},{\"@type\":\"BreadcrumbList\",\"@id\":\"https:\\\/\\\/midifileskopen.nl\\\/midi-bestanden\\\/veul-gere-vrij-daanse-we-doen-de-hoempapa-337\\\/#breadcrumb\",\"itemListElement\":[{\"@type\":\"ListItem\",\"position\":1,\"name\":\"Home\",\"item\":\"https:\\\/\\\/midifileskopen.nl\\\/\"},{\"@type\":\"ListItem\",\"position\":2,\"name\":\"Produkte\",\"item\":\"https:\\\/\\\/midifileskopen.nl\\\/de\\\/shop\\\/\"},{\"@type\":\"ListItem\",\"position\":3,\"name\":\"Veul G\u00e8re &#8211; Vrij d\u00e1\u00e1nse! (we doen de hoempapa) (3:37)\"}]},{\"@type\":\"WebSite\",\"@id\":\"https:\\\/\\\/midifileskopen.nl\\\/#website\",\"url\":\"https:\\\/\\\/midifileskopen.nl\\\/\",\"name\":\"Midifileskopen.nl\",\"description\":\"Midifileskopen.nl \\\/ Midifilesmarket.com \\\/ Midifilesmarket.de\",\"publisher\":{\"@id\":\"https:\\\/\\\/midifileskopen.nl\\\/#organization\"},\"potentialAction\":[{\"@type\":\"SearchAction\",\"target\":{\"@type\":\"EntryPoint\",\"urlTemplate\":\"https:\\\/\\\/midifileskopen.nl\\\/?s={search_term_string}\"},\"query-input\":{\"@type\":\"PropertyValueSpecification\",\"valueRequired\":true,\"valueName\":\"search_term_string\"}}],\"inLanguage\":\"de\"},{\"@type\":\"Organization\",\"@id\":\"https:\\\/\\\/midifileskopen.nl\\\/#organization\",\"name\":\"Midifileskopen.nl\",\"url\":\"https:\\\/\\\/midifileskopen.nl\\\/\",\"logo\":{\"@type\":\"ImageObject\",\"inLanguage\":\"de\",\"@id\":\"https:\\\/\\\/midifileskopen.nl\\\/#\\\/schema\\\/logo\\\/image\\\/\",\"url\":\"https:\\\/\\\/midifileskopen.nl\\\/wp-content\\\/uploads\\\/2024\\\/07\\\/midifilekopen.png\",\"contentUrl\":\"https:\\\/\\\/midifileskopen.nl\\\/wp-content\\\/uploads\\\/2024\\\/07\\\/midifilekopen.png\",\"width\":581,\"height\":81,\"caption\":\"Midifileskopen.nl\"},\"image\":{\"@id\":\"https:\\\/\\\/midifileskopen.nl\\\/#\\\/schema\\\/logo\\\/image\\\/\"}}]}<\/script>\n<!-- \/ Yoast SEO plugin. -->","yoast_head_json":{"title":"Midi\u2212bestand Veul G\u00e8re - Vrij d\u00e1\u00e1nse! (we doen de hoempapa) (3:37)","description":"Midi\u2212bestand downloaden van Veul G\u00e8re - Vrij d\u00e1\u00e1nse! (we doen de hoempapa) (3:37). LET OP, niet in standaard format! Zie site voor meer info.","robots":{"index":"index","follow":"follow","max-snippet":"max-snippet:-1","max-image-preview":"max-image-preview:large","max-video-preview":"max-video-preview:-1"},"canonical":"https:\/\/midifileskopen.nl\/de\/midi-dateien\/veul-gere-vrij-daanse-we-doen-de-hoempapa-337\/","og_locale":"de_DE","og_type":"article","og_title":"Midi\u2212bestand Veul G\u00e8re - Vrij d\u00e1\u00e1nse! (we doen de hoempapa) (3:37)","og_description":"Midi\u2212bestand downloaden van Veul G\u00e8re - Vrij d\u00e1\u00e1nse! (we doen de hoempapa) (3:37). LET OP, niet in standaard format! Zie site voor meer info.","og_url":"https:\/\/midifileskopen.nl\/de\/midi-dateien\/veul-gere-vrij-daanse-we-doen-de-hoempapa-337\/","og_site_name":"Midifileskopen.nl","article_modified_time":"2026-03-31T11:19:34+00:00","og_image":[{"width":300,"height":300,"url":"https:\/\/midifileskopen.nl\/wp-content\/uploads\/2024\/07\/carnaval.png","type":"image\/png"}],"twitter_card":"summary_large_image","twitter_misc":{"Gesch\u00e4tzte Lesezeit":"1\u00a0Minute"},"schema":{"@context":"https:\/\/schema.org","@graph":[{"@type":"WebPage","@id":"https:\/\/midifileskopen.nl\/midi-bestanden\/veul-gere-vrij-daanse-we-doen-de-hoempapa-337\/","url":"https:\/\/midifileskopen.nl\/midi-bestanden\/veul-gere-vrij-daanse-we-doen-de-hoempapa-337\/","name":"Midi\u2212bestand Veul G\u00e8re - Vrij d\u00e1\u00e1nse! (we doen de hoempapa) (3:37)","isPartOf":{"@id":"https:\/\/midifileskopen.nl\/#website"},"primaryImageOfPage":{"@id":"https:\/\/midifileskopen.nl\/midi-bestanden\/veul-gere-vrij-daanse-we-doen-de-hoempapa-337\/#primaryimage"},"image":{"@id":"https:\/\/midifileskopen.nl\/midi-bestanden\/veul-gere-vrij-daanse-we-doen-de-hoempapa-337\/#primaryimage"},"thumbnailUrl":"https:\/\/midifileskopen.nl\/wp-content\/uploads\/2024\/07\/carnaval.png","datePublished":"2025-10-10T13:35:54+00:00","dateModified":"2026-03-31T11:19:34+00:00","description":"Midi\u2212bestand downloaden van Veul G\u00e8re - Vrij d\u00e1\u00e1nse! (we doen de hoempapa) (3:37). LET OP, niet in standaard format! Zie site voor meer info.","breadcrumb":{"@id":"https:\/\/midifileskopen.nl\/midi-bestanden\/veul-gere-vrij-daanse-we-doen-de-hoempapa-337\/#breadcrumb"},"inLanguage":"de","potentialAction":[{"@type":"ReadAction","target":["https:\/\/midifileskopen.nl\/midi-bestanden\/veul-gere-vrij-daanse-we-doen-de-hoempapa-337\/"]}]},{"@type":"ImageObject","inLanguage":"de","@id":"https:\/\/midifileskopen.nl\/midi-bestanden\/veul-gere-vrij-daanse-we-doen-de-hoempapa-337\/#primaryimage","url":"https:\/\/midifileskopen.nl\/wp-content\/uploads\/2024\/07\/carnaval.png","contentUrl":"https:\/\/midifileskopen.nl\/wp-content\/uploads\/2024\/07\/carnaval.png","width":300,"height":300},{"@type":"BreadcrumbList","@id":"https:\/\/midifileskopen.nl\/midi-bestanden\/veul-gere-vrij-daanse-we-doen-de-hoempapa-337\/#breadcrumb","itemListElement":[{"@type":"ListItem","position":1,"name":"Home","item":"https:\/\/midifileskopen.nl\/"},{"@type":"ListItem","position":2,"name":"Produkte","item":"https:\/\/midifileskopen.nl\/de\/shop\/"},{"@type":"ListItem","position":3,"name":"Veul G\u00e8re &#8211; Vrij d\u00e1\u00e1nse! (we doen de hoempapa) (3:37)"}]},{"@type":"WebSite","@id":"https:\/\/midifileskopen.nl\/#website","url":"https:\/\/midifileskopen.nl\/","name":"Midifileskopen.de","description":"Midifileskopen.co.uk \/ Midifilesmarket.com \/ Midifilesmarket.de","publisher":{"@id":"https:\/\/midifileskopen.nl\/#organization"},"potentialAction":[{"@type":"SearchAction","target":{"@type":"EntryPoint","urlTemplate":"https:\/\/midifileskopen.nl\/?s={search_term_string}"},"query-input":{"@type":"PropertyValueSpecification","valueRequired":true,"valueName":"search_term_string"}}],"inLanguage":"de"},{"@type":"Organization","@id":"https:\/\/midifileskopen.nl\/#organization","name":"Midifileskopen.de","url":"https:\/\/midifileskopen.nl\/","logo":{"@type":"ImageObject","inLanguage":"de","@id":"https:\/\/midifileskopen.nl\/#\/schema\/logo\/image\/","url":"https:\/\/midifileskopen.nl\/wp-content\/uploads\/2024\/07\/midifilekopen.png","contentUrl":"https:\/\/midifileskopen.nl\/wp-content\/uploads\/2024\/07\/midifilekopen.png","width":581,"height":81,"caption":"Midifileskopen.nl"},"image":{"@id":"https:\/\/midifileskopen.nl\/#\/schema\/logo\/image\/"}}]}},"_links":{"self":[{"href":"https:\/\/midifileskopen.nl\/de\/wp-json\/wp\/v2\/product\/22106","targetHints":{"allow":["GET"]}}],"collection":[{"href":"https:\/\/midifileskopen.nl\/de\/wp-json\/wp\/v2\/product"}],"about":[{"href":"https:\/\/midifileskopen.nl\/de\/wp-json\/wp\/v2\/types\/product"}],"wp:featuredmedia":[{"embeddable":true,"href":"https:\/\/midifileskopen.nl\/de\/wp-json\/wp\/v2\/media\/26"}],"wp:attachment":[{"href":"https:\/\/midifileskopen.nl\/de\/wp-json\/wp\/v2\/media?parent=22106"}],"wp:term":[{"taxonomy":"product_brand","embeddable":true,"href":"https:\/\/midifileskopen.nl\/de\/wp-json\/wp\/v2\/product_brand?post=22106"},{"taxonomy":"product_cat","embeddable":true,"href":"https:\/\/midifileskopen.nl\/de\/wp-json\/wp\/v2\/product_cat?post=22106"},{"taxonomy":"product_tag","embeddable":true,"href":"https:\/\/midifileskopen.nl\/de\/wp-json\/wp\/v2\/product_tag?post=22106"}],"curies":[{"name":"wp","href":"https:\/\/api.w.org\/{rel}","templated":true}]}}